{"id":232,"date":"2022-11-06T04:21:26","date_gmt":"2022-11-06T04:21:26","guid":{"rendered":"https:\/\/www.busy-darwin.142-132-149-225.plesk.page\/?page_id=232"},"modified":"2024-08-30T08:32:58","modified_gmt":"2024-08-30T08:32:58","slug":"impressum-agb","status":"publish","type":"page","link":"https:\/\/www.littlelink.de\/en\/impressum-agb","title":{"rendered":"Impressum &#038; AGB"},"content":{"rendered":"<div data-elementor-type=\"wp-page\" data-elementor-id=\"232\" class=\"elementor elementor-232\" data-elementor-post-type=\"page\">\n\t\t\t\t\t\t<section class=\"elementor-section elementor-top-section elementor-element elementor-element-cade69e elementor-section-height-min-height elementor-section-boxed elementor-section-height-default elementor-section-items-middle\" data-id=\"cade69e\" data-element_type=\"section\" data-settings=\"{&quot;background_background&quot;:&quot;classic&quot;}\">\n\t\t\t\t\t\t<div class=\"elementor-container elementor-column-gap-default\">\n\t\t\t\t\t<div class=\"elementor-column elementor-col-100 elementor-top-column elementor-element elementor-element-69eb831\" data-id=\"69eb831\" data-element_type=\"column\">\n\t\t\t<div class=\"elementor-widget-wrap elementor-element-populated\">\n\t\t\t\t\t\t<div class=\"elementor-element elementor-element-750ac31 elementor-widget elementor-widget-theme-site-logo elementor-widget-image\" data-id=\"750ac31\" data-element_type=\"widget\" data-widget_type=\"theme-site-logo.default\">\n\t\t\t\t<div class=\"elementor-widget-container\">\n\t\t\t\t\t\t\t\t\t\t\t<a href=\"https:\/\/www.littlelink.de\/en\">\n\t\t\t<img decoding=\"async\" width=\"181\" height=\"250\" src=\"https:\/\/www.littlelink.de\/wp-content\/uploads\/LL-Logo.png\" class=\"attachment-full size-full wp-image-29\" alt=\"\" \/>\t\t\t\t<\/a>\n\t\t\t\t\t\t\t\t\t\t\t<\/div>\n\t\t\t\t<\/div>\n\t\t\t\t<div class=\"elementor-element elementor-element-2eda699 elementor-widget elementor-widget-heading\" data-id=\"2eda699\" data-element_type=\"widget\" data-widget_type=\"heading.default\">\n\t\t\t\t<div class=\"elementor-widget-container\">\n\t\t\t\t\t<h1 class=\"elementor-heading-title elementor-size-default\">Impressum &#038; AGB<\/h1>\t\t\t\t<\/div>\n\t\t\t\t<\/div>\n\t\t\t\t<div class=\"elementor-element elementor-element-af031ef elementor-widget elementor-widget-text-editor\" data-id=\"af031ef\" data-element_type=\"widget\" data-widget_type=\"text-editor.default\">\n\t\t\t\t<div class=\"elementor-widget-container\">\n\t\t\t\t\t\t\t\t\t<p><strong>Imprint<\/strong><\/p>\n<p>Cocktailkunst GmbH<br>Biberstra\u00dfe 35<br>50678 K\u00f6ln<br>Tel: <a href=\"tel:+49162-7833366\">0162-7833366<\/a><br>Mail: <a href=\"mailto:bar@littlelink.de\">bar@littlelink.de<\/a><\/p>\n<p>Sitz der Gesellschaft: K\u00f6ln<br>Gesch\u00e4ftsf\u00fchrer: Stephan Hinz<\/p>\n<p>Amtsgericht: K\u00f6ln HRB 74233 B<\/p>\n<p>Umsatzsteuer-Identifikationsnummer(n): DE279455478<\/p>\n<p>Verantwortlich gem\u00e4\u00df \u00a7 18 MStV:<br>Stephan Hinz<br>Biberstrasse 35<br>50678 K\u00f6ln<\/p>\n<p>Alternative Streitbeilegung gem\u00e4\u00df Art. 14 Abs. 1 ODR-VO und \u00a7 36 VSBG:<\/p>\n<p>Die Europ\u00e4ische Kommission stellt eine Plattform zur Online-Streitbeilegung (OS) bereit, die du unter&nbsp;<a href=\"https:\/\/ec.europa.eu\/consumers\/odr\" rel=\"nofollow noopener\" target=\"_blank\">https:\/\/ec.europa.eu\/consumers\/odr<\/a>&nbsp;findest. Zur Teilnahme an einem Streitbeilegungsverfahren vor einer Verbraucherschlichtungsstelle sind wir nicht verpflichtet und nicht bereit.<\/p>\n<p><strong>Allgemeine Gesch\u00e4ftsbedingungen<\/strong><\/p>\n<p class=\"MsoNormal\">Bitte beachtet, dass wir Veranstaltungsabsagen nur bis sp\u00e4testens 10 Tage vor Veranstaltungsdatum annehmen k\u00f6nnen. Bei einer sp\u00e4teren Stornierung werden 50 % des vereinbarten Preises in Rechnung gestellt. Bei einer Stornierung innerhalb von 48 Stunden oder weniger vor Veranstaltungsbeginn werden 100 % des vereinbarten Preises in Rechnung gestellt.<\/p><p class=\"MsoNormal\">Sofern nicht anders vereinbart, haben Gutscheine f\u00fcr unsere Bar eine G\u00fcltigkeit von 2 Jahren ab Rechnungsdatum. Danach k\u00f6nnen sie leider nicht mehr eingel\u00f6st werden.<br><\/p>\t\t\t\t\t\t\t\t<\/div>\n\t\t\t\t<\/div>\n\t\t\t\t\t<\/div>\n\t\t<\/div>\n\t\t\t\t\t<\/div>\n\t\t<\/section>\n\t\t\t\t<\/div>","protected":false},"excerpt":{"rendered":"<p>Impressum Cocktailkunst GmbHBiberstra\u00dfe 3550678 K\u00f6lnTel: 0162-7833366Mail: bar@littlelink.de Sitz der Gesellschaft: K\u00f6lnGesch\u00e4ftsf\u00fchrer: Stephan Hinz Amtsgericht: K\u00f6ln HRB 74233 B Umsatzsteuer-Identifikationsnummer(n): DE279455478 Verantwortlich gem\u00e4\u00df \u00a7 18 MStV:Stephan HinzBiberstrasse 3550678 K\u00f6ln Alternative Streitbeilegung gem\u00e4\u00df Art. 14 Abs. 1 ODR-VO und \u00a7 36 VSBG: Die Europ\u00e4ische Kommission stellt eine Plattform zur Online-Streitbeilegung (OS) bereit, die du unter&nbsp;https:\/\/ec.europa.eu\/consumers\/odr&nbsp;findest. Zur Teilnahme [&hellip;]<\/p>\n","protected":false},"author":3,"featured_media":0,"parent":0,"menu_order":0,"comment_status":"closed","ping_status":"closed","template":"elementor_header_footer","meta":{"footnotes":""},"class_list":["post-232","page","type-page","status-publish","hentry"],"_links":{"self":[{"href":"https:\/\/www.littlelink.de\/en\/wp-json\/wp\/v2\/pages\/232","targetHints":{"allow":["GET"]}}],"collection":[{"href":"https:\/\/www.littlelink.de\/en\/wp-json\/wp\/v2\/pages"}],"about":[{"href":"https:\/\/www.littlelink.de\/en\/wp-json\/wp\/v2\/types\/page"}],"author":[{"embeddable":true,"href":"https:\/\/www.littlelink.de\/en\/wp-json\/wp\/v2\/users\/3"}],"replies":[{"embeddable":true,"href":"https:\/\/www.littlelink.de\/en\/wp-json\/wp\/v2\/comments?post=232"}],"version-history":[{"count":5,"href":"https:\/\/www.littlelink.de\/en\/wp-json\/wp\/v2\/pages\/232\/revisions"}],"predecessor-version":[{"id":3575,"href":"https:\/\/www.littlelink.de\/en\/wp-json\/wp\/v2\/pages\/232\/revisions\/3575"}],"wp:attachment":[{"href":"https:\/\/www.littlelink.de\/en\/wp-json\/wp\/v2\/media?parent=232"}],"curies":[{"name":"wp","href":"https:\/\/api.w.org\/{rel}","templated":true}]}}