{"id":2576,"date":"2022-11-29T18:53:11","date_gmt":"2022-11-29T18:53:11","guid":{"rendered":"https:\/\/www.littlelink.de\/?page_id=2576"},"modified":"2022-11-29T18:53:47","modified_gmt":"2022-11-29T18:53:47","slug":"nachhaltigkeit","status":"publish","type":"page","link":"https:\/\/www.littlelink.de\/en\/nachhaltigkeit","title":{"rendered":"Sustainability"},"content":{"rendered":"<div data-elementor-type=\"wp-page\" data-elementor-id=\"2576\" class=\"elementor elementor-2576\" data-elementor-post-type=\"page\">\n\t\t\t\t\t\t<section class=\"elementor-section elementor-top-section elementor-element elementor-element-efefbf7 elementor-section-height-min-height elementor-section-boxed elementor-section-height-default elementor-section-items-middle\" data-id=\"efefbf7\" data-element_type=\"section\" data-settings=\"{&quot;background_background&quot;:&quot;classic&quot;}\">\n\t\t\t\t\t\t<div class=\"elementor-container elementor-column-gap-default\">\n\t\t\t\t\t<div class=\"elementor-column elementor-col-100 elementor-top-column elementor-element elementor-element-8c40970\" data-id=\"8c40970\" data-element_type=\"column\">\n\t\t\t<div class=\"elementor-widget-wrap elementor-element-populated\">\n\t\t\t\t\t\t<section class=\"elementor-section elementor-inner-section elementor-element elementor-element-7905403 elementor-section-boxed elementor-section-height-default elementor-section-height-default\" data-id=\"7905403\" data-element_type=\"section\">\n\t\t\t\t\t\t<div class=\"elementor-container elementor-column-gap-default\">\n\t\t\t\t\t<div class=\"elementor-column elementor-col-50 elementor-inner-column elementor-element elementor-element-6a4fd53\" data-id=\"6a4fd53\" data-element_type=\"column\">\n\t\t\t<div class=\"elementor-widget-wrap elementor-element-populated\">\n\t\t\t\t\t\t<div class=\"elementor-element elementor-element-0cdcaa3 elementor-widget elementor-widget-heading\" data-id=\"0cdcaa3\" data-element_type=\"widget\" data-widget_type=\"heading.default\">\n\t\t\t\t<div class=\"elementor-widget-container\">\n\t\t\t\t\t<h2 class=\"elementor-heading-title elementor-size-default\">Sustainability<\/h2>\t\t\t\t<\/div>\n\t\t\t\t<\/div>\n\t\t\t\t<div class=\"elementor-element elementor-element-882145d elementor-widget elementor-widget-text-editor\" data-id=\"882145d\" data-element_type=\"widget\" data-widget_type=\"text-editor.default\">\n\t\t\t\t<div class=\"elementor-widget-container\">\n\t\t\t\t\t\t\t\t\t<p>A completely sustainable cocktail bar is an illusion. If you want to enjoy ice-cold drinks with ingredients from a wide variety of countries all year round, you should be aware of this fact. But that doesn\u2019t mean we can\u2019t do anything to make our operation as sustainable as possible. On the contrary: We take our responsibility seriously and take it as an incentive to constantly get a bit better!<\/p><p>Behind the scenes, a completely digitalized merchandise management and ordering system ensures that paper is almost completely dispensed with. In purchasing, we use seasonal products and large containers whenever we can and reduce waste wherever possible. In our selection of spirits, we increasingly use the sustainable distribution system of EcoSpirits.<\/p><p>Our modern storage system and sophisticated processing methods, such as dehydrating our garnishes, reduce food waste to a minimum. And when your drink is finally in front of you, you\u2019ll notice that you won\u2019t find expendable items like disposable coasters or paper straws. This way, we now save about 500 kg of waste per week compared to similar bars.<\/p>\t\t\t\t\t\t\t\t<\/div>\n\t\t\t\t<\/div>\n\t\t\t\t\t<\/div>\n\t\t<\/div>\n\t\t\t\t<div class=\"elementor-column elementor-col-50 elementor-inner-column elementor-element elementor-element-281143f\" data-id=\"281143f\" data-element_type=\"column\">\n\t\t\t<div class=\"elementor-widget-wrap elementor-element-populated\">\n\t\t\t\t\t\t<div class=\"elementor-element elementor-element-cd0a177 elementor-widget elementor-widget-image\" data-id=\"cd0a177\" data-element_type=\"widget\" data-widget_type=\"image.default\">\n\t\t\t\t<div class=\"elementor-widget-container\">\n\t\t\t\t\t\t\t\t\t\t\t\t\t\t\t<img fetchpriority=\"high\" decoding=\"async\" width=\"800\" height=\"530\" src=\"https:\/\/www.littlelink.de\/wp-content\/uploads\/Drei-Aperol-Sour-im-Tumbler-beim-Cocktailkurs.jpg\" class=\"attachment-large size-large wp-image-690\" alt=\"\" srcset=\"https:\/\/www.littlelink.de\/wp-content\/uploads\/Drei-Aperol-Sour-im-Tumbler-beim-Cocktailkurs.jpg 850w, https:\/\/www.littlelink.de\/wp-content\/uploads\/Drei-Aperol-Sour-im-Tumbler-beim-Cocktailkurs-300x199.jpg 300w, https:\/\/www.littlelink.de\/wp-content\/uploads\/Drei-Aperol-Sour-im-Tumbler-beim-Cocktailkurs-768x509.jpg 768w\" sizes=\"(max-width: 800px) 100vw, 800px\" \/>\t\t\t\t\t\t\t\t\t\t\t\t\t\t\t<\/div>\n\t\t\t\t<\/div>\n\t\t\t\t\t<\/div>\n\t\t<\/div>\n\t\t\t\t\t<\/div>\n\t\t<\/section>\n\t\t\t\t\t<\/div>\n\t\t<\/div>\n\t\t\t\t\t<\/div>\n\t\t<\/section>\n\t\t\t\t<\/div>","protected":false},"excerpt":{"rendered":"<p>Nachhaltigkeit Eine komplett nachhaltige Cocktailbar ist eine Illusion. Wer das ganze Jahr \u00fcber eisgek\u00fchlte Getr\u00e4nke mit Zutaten aus verschiedensten L\u00e4ndern genie\u00dfen m\u00f6chte, sollte sich dieser Tatsache bewusst sein. Aber das hei\u00dft nicht, dass wir nichts tun k\u00f6nnen, um unseren Betrieb trotzdem so weit wie m\u00f6glich nachhaltig zu gestalten. Im Gegenteil: Wir nehmen unsere Verantwortung ernst [&hellip;]<\/p>\n","protected":false},"author":3,"featured_media":0,"parent":0,"menu_order":0,"comment_status":"closed","ping_status":"closed","template":"","meta":{"footnotes":""},"class_list":["post-2576","page","type-page","status-publish","hentry"],"_links":{"self":[{"href":"https:\/\/www.littlelink.de\/en\/wp-json\/wp\/v2\/pages\/2576","targetHints":{"allow":["GET"]}}],"collection":[{"href":"https:\/\/www.littlelink.de\/en\/wp-json\/wp\/v2\/pages"}],"about":[{"href":"https:\/\/www.littlelink.de\/en\/wp-json\/wp\/v2\/types\/page"}],"author":[{"embeddable":true,"href":"https:\/\/www.littlelink.de\/en\/wp-json\/wp\/v2\/users\/3"}],"replies":[{"embeddable":true,"href":"https:\/\/www.littlelink.de\/en\/wp-json\/wp\/v2\/comments?post=2576"}],"version-history":[{"count":4,"href":"https:\/\/www.littlelink.de\/en\/wp-json\/wp\/v2\/pages\/2576\/revisions"}],"predecessor-version":[{"id":2580,"href":"https:\/\/www.littlelink.de\/en\/wp-json\/wp\/v2\/pages\/2576\/revisions\/2580"}],"wp:attachment":[{"href":"https:\/\/www.littlelink.de\/en\/wp-json\/wp\/v2\/media?parent=2576"}],"curies":[{"name":"wp","href":"https:\/\/api.w.org\/{rel}","templated":true}]}}